{"id":3486,"date":"2022-07-12T05:10:30","date_gmt":"2022-07-12T03:10:30","guid":{"rendered":"https:\/\/chefsdetahiti.pf\/accueil\/"},"modified":"2022-07-12T05:10:30","modified_gmt":"2022-07-12T03:10:30","slug":"accueil","status":"publish","type":"page","link":"https:\/\/chefsdetahiti.pf\/en\/accueil\/","title":{"rendered":"Accueil"},"content":{"rendered":"<!-- wp:themify-builder\/canvas \/-->\n\n<!--themify_builder_static--><!--\/themify_builder_static-->","protected":false},"excerpt":{"rendered":"<p>Portraits de Chefs, savoir-faire, traditions culinaires de Tahiti, recettes, produits, vins\u2026c\u2019est tout dans ChefsdeTahiti.pf un site qui nous donne envie de go\u00fbter, de d\u00e9couvrir. \u00a0 Leurs restaurants D\u00e9couvrez notre s\u00e9lection VOTRE restaurant sur ce site VOUS\u00a0 AVEZ UN RESTAURANT ? VOUS \u00caTES CHEF \u00c0 DOMICILE ? TRAITEUR ? Notre \u00e9quipe r\u00e9pond \u00e0 toutes vos questions, [&hellip;]<\/p>\n","protected":false},"author":1,"featured_media":0,"parent":0,"menu_order":0,"comment_status":"closed","ping_status":"closed","template":"","meta":{"inline_featured_image":false,"footnotes":""},"class_list":["post-3486","page","type-page","status-publish","hentry","has-post-title","has-post-date","has-post-category","has-post-tag","has-post-comment","has-post-author",""],"aioseo_notices":[],"builder_content":"","_links":{"self":[{"href":"https:\/\/chefsdetahiti.pf\/en\/wp-json\/wp\/v2\/pages\/3486","targetHints":{"allow":["GET"]}}],"collection":[{"href":"https:\/\/chefsdetahiti.pf\/en\/wp-json\/wp\/v2\/pages"}],"about":[{"href":"https:\/\/chefsdetahiti.pf\/en\/wp-json\/wp\/v2\/types\/page"}],"author":[{"embeddable":true,"href":"https:\/\/chefsdetahiti.pf\/en\/wp-json\/wp\/v2\/users\/1"}],"replies":[{"embeddable":true,"href":"https:\/\/chefsdetahiti.pf\/en\/wp-json\/wp\/v2\/comments?post=3486"}],"version-history":[{"count":0,"href":"https:\/\/chefsdetahiti.pf\/en\/wp-json\/wp\/v2\/pages\/3486\/revisions"}],"wp:attachment":[{"href":"https:\/\/chefsdetahiti.pf\/en\/wp-json\/wp\/v2\/media?parent=3486"}],"curies":[{"name":"wp","href":"https:\/\/api.w.org\/{rel}","templated":true}]}}