{"id":3489,"date":"2022-07-12T20:57:26","date_gmt":"2022-07-13T06:57:26","guid":{"rendered":"https:\/\/chefsdetahiti.pf\/about-us\/"},"modified":"2023-06-26T15:50:12","modified_gmt":"2023-06-27T01:50:12","slug":"about-us","status":"publish","type":"page","link":"https:\/\/chefsdetahiti.pf\/en\/about-us\/","title":{"rendered":"About us"},"content":{"rendered":"<!--themify_builder_content-->\n<div id=\"themify_builder_content-3489\" data-postid=\"3489\" class=\"themify_builder_content themify_builder_content-3489 themify_builder tf_clear\">\n                    <div  data-lazy=\"1\" class=\"module_row themify_builder_row tb_rifb237 tb_first tf_w\">\n                        <div class=\"row_inner col_align_top tb_col_count_1 tf_box tf_rel\">\n                        <div  data-lazy=\"1\" class=\"module_column tb-column col-full tb_ww4n238 first\">\n                    <!-- module text -->\n<div  class=\"module module-text tb_gcc9291   \" data-lazy=\"1\">\n        <div  class=\"tb_text_wrap\">\n        <h3>Different cultures, different skills, the same passion.<\/h3>    <\/div>\n<\/div>\n<!-- \/module text --><!-- module image -->\n<div  class=\"module module-image tb_keop12 image-top   auto_fullwidth tf_mw\" data-lazy=\"1\">\n        <div class=\"image-wrap tf_rel tf_mw\">\n            <img decoding=\"async\" src=\"https:\/\/chefsdetahiti.pf\/wp-content\/uploads\/2022\/09\/AP_9576-1024x553-925x500.jpg\" height=\"500\" class=\"wp-post-image wp-image-3226\" title=\"Chefs de Tahiti est un projet qui nous tient \u00e0 coeur. REDSOYU a toujours \u00e9t\u00e9 passionn\u00e9 par la cuisine, ceux qui la font et les produits qu\u2019ils utilisent. Pour nous, la cuisine est la meilleure mani\u00e8re de connaitre une culture et son peuple.\" alt=\"Chefs de Tahiti est un projet qui nous tient \u00e0 coeur. REDSOYU a toujours \u00e9t\u00e9 passionn\u00e9 par la cuisine, ceux qui la font et les produits qu\u2019ils utilisent. Pour nous, la cuisine est la meilleure mani\u00e8re de connaitre une culture et son peuple.\" srcset=\"https:\/\/chefsdetahiti.pf\/wp-content\/uploads\/2022\/09\/AP_9576-1024x553-925x500.jpg 925w, https:\/\/chefsdetahiti.pf\/wp-content\/uploads\/2022\/09\/AP_9576-300x162.jpg 300w, https:\/\/chefsdetahiti.pf\/wp-content\/uploads\/2022\/09\/AP_9576-1024x553.jpg 1024w, https:\/\/chefsdetahiti.pf\/wp-content\/uploads\/2022\/09\/AP_9576-768x415.jpg 768w, https:\/\/chefsdetahiti.pf\/wp-content\/uploads\/2022\/09\/AP_9576-1536x830.jpg 1536w, https:\/\/chefsdetahiti.pf\/wp-content\/uploads\/2022\/09\/AP_9576-2048x1107.jpg 2048w, https:\/\/chefsdetahiti.pf\/wp-content\/uploads\/2022\/09\/AP_9576-240x130.jpg 240w, https:\/\/chefsdetahiti.pf\/wp-content\/uploads\/2022\/09\/AP_9576-600x324.jpg 600w\" sizes=\"(max-width: 925px) 100vw, 925px\" \/>    \n        <\/div>\n    <!-- \/image-wrap -->\n    \n        <\/div>\n<!-- \/module image --><!-- module text -->\n<div  class=\"module module-text tb_6vco856   \" data-lazy=\"1\">\n        <div  class=\"tb_text_wrap\">\n        <h2>THE CHEFS DE TAHITI PROJECT<\/h2>\n<p>Chefs de Tahiti is a project close to our hearts. <a href=\"https:\/\/www.redsoyu.com\/\"><strong>REDSOYU<\/strong><\/a> has always been passionate about cooking, the people who make it and the products they use.<br>For us, cooking is the best way to get to know a culture and its people.<\/p>\n<p>French Polynesia is at the crossroads of several cultures and countries linked to its history and geographical position: France, China, Japan, New Zealand, the United States&#8230;<br>Here in French Polynesia, we are fortunate to have exceptional know-how, both in terms of French gastronomy and in terms of the quality of our products.<br>handed down from generation to generation.<\/p>\n<p>Chefs de Tahiti is a website we created to help promote Polynesia beyond its borders, and to help people discover and share their know-how.<\/p>\n<p>Chefs de Tahiti is a website in French, with a US version coming soon.<\/p>\n<p><span style=\"background-color: initial; font-size: 1em;\">Content created by the communications agency <\/span><a style=\"background-color: initial; font-size: 1em;\" href=\"https:\/\/www.redsoyu.com\"><strong>REDSOYU<\/strong><\/a><span style=\"background-color: initial; font-size: 1em;\">.<\/span><\/p>\n<p>The constantly evolving content focuses on Chefs: restaurants, trailers, recipes&#8230;<\/p>\n<p>Interested in being featured on this website? Our advertising inserts are also available.<\/p>    <\/div>\n<\/div>\n<!-- \/module text --><!-- module overlay-content -->\n<div  class=\"module module-overlay-content tb_9auf560 \" data-overlay=\"overlay\" data-lazy=\"1\">\n        <a href=\"#tb_oc_tb_9auf560\" rel=\"nofollow\" class=\"tb_ov_co_icon_wrapper tf_inline_b tb_ov_no_icon\">\n        <span class=\"tb_ov_co_icon_outer tf_inline_b\"><span class=\"tb_ov_co_icon tf_box tf_rel tf_inline_b tf_vmiddle\"><\/span><\/span>\n    <span class=\"tb_ov_co_icon_title tf_vmiddle\">Contact us<\/span>    <\/a>\n        <div id=\"tb_oc_tb_9auf560\" style=\"width:90%;height:90%;\" class=\"tb_oc_overlay tf_scrollbar tf_box sidemenu sidemenu-off tf_w tf_h tf_hide tb_content_overlay_overlay\">\n                    <a id=\"tb_oc_tb_9auf560_close\" href=\"javascript:;\" rel=\"nofollow\" class=\"tb_ov_close tf_box\"><span class=\"tb_ov_close_inner tf_close tf_rel\"><span class=\"screen-reader-text\">Close Overlay<\/span><\/span><\/a>\n                <div class=\"tb_overlay_content_lp\"><div class=\"tb_layout_part_wrap tf_w\"><!--themify_builder_content-->\n    <div  class=\"themify_builder_content themify_builder_content-1640 themify_builder not_editable_builder in_the_loop\" data-postid=\"1640\">\n                        <div  data-lazy=\"1\" class=\"module_row themify_builder_row popup-1 tb_eqgg633 tf_w\">\n                        <div class=\"row_inner col_align_top tb_col_count_1 tf_box tf_rel\">\n                        <div  data-lazy=\"1\" class=\"module_column tb-column col-full tb_mb6s634 first\">\n                    <!-- module text -->\n<div  class=\"module module-text tb_qcn2634   \" data-lazy=\"1\">\n        <div  class=\"tb_text_wrap\">\n        <h1 class=\"page-title\">TON RESTAURANT SUR CE SITE<\/h1><p>TU AS UN RESTAURANT ? TU ES CHEF \u00c0 DOMICILE ?<\/p><p>Pour adh\u00e9rer, merci d&#8217;utiliser le formulaire ci-dessous.<br \/>Nous te r\u00e9pondrons dans les plus brefs d\u00e9lais.<\/p>    <\/div>\n<\/div>\n<!-- \/module text --><!-- module plain text -->\n<div  class=\"module module-plain-text tb_pynh634 \" data-lazy=\"1\">\n        <div class=\"tb_text_wrap\">\n    <div id=\"quform-c6ec10\" class=\"quform quform-1 quform-support-page-caching\"><form id=\"quform-form-c6ec10\" class=\"quform-form quform-form-1\" action=\"\/en\/wp-json\/wp\/v2\/pages\/3489#quform-c6ec10\" method=\"post\" enctype=\"multipart\/form-data\" novalidate=\"novalidate\" data-options=\"{&quot;id&quot;:1,&quot;uniqueId&quot;:&quot;c6ec10&quot;,&quot;theme&quot;:&quot;&quot;,&quot;ajax&quot;:true,&quot;logic&quot;:{&quot;logic&quot;:[],&quot;dependents&quot;:[],&quot;elementIds&quot;:[],&quot;dependentElementIds&quot;:[],&quot;animate&quot;:true},&quot;currentPageId&quot;:1,&quot;errorsIcon&quot;:&quot;&quot;,&quot;updateFancybox&quot;:true,&quot;hasPages&quot;:false,&quot;pages&quot;:[1],&quot;pageProgressType&quot;:&quot;numbers&quot;,&quot;tooltipsEnabled&quot;:true,&quot;tooltipClasses&quot;:&quot;qtip-quform-dark qtip-shadow&quot;,&quot;tooltipMy&quot;:&quot;left center&quot;,&quot;tooltipAt&quot;:&quot;right center&quot;,&quot;isRtl&quot;:false,&quot;scrollOffset&quot;:-50,&quot;scrollSpeed&quot;:800}\"><button class=\"quform-default-submit\" name=\"quform_submit\" type=\"submit\" value=\"submit\" aria-hidden=\"true\" tabindex=\"-1\"><\/button><div class=\"quform-form-inner quform-form-inner-1\"><input type=\"hidden\" name=\"quform_form_id\" value=\"1\" \/><input type=\"hidden\" name=\"quform_form_uid\" value=\"c6ec10\" \/><input type=\"hidden\" name=\"quform_count\" value=\"1\" \/><input type=\"hidden\" name=\"form_url\" value=\"https:\/\/chefsdetahiti.pf\/en\/wp-json\/wp\/v2\/pages\/3489\" \/><input type=\"hidden\" name=\"referring_url\" value=\"\" \/><input type=\"hidden\" name=\"post_id\" value=\"\" \/><input type=\"hidden\" name=\"post_title\" value=\"\" \/><input type=\"hidden\" name=\"quform_current_page_id\" value=\"1\" \/><input type=\"hidden\" name=\"quform_csrf_token\" value=\"Y4WZBkpqwAQ0cG8Jwjal3YvMGD3tMiIUM8wrRhNB\" \/><div class=\"quform-elements quform-elements-1 quform-cf quform-responsive-elements-phone-landscape\"><div class=\"quform-element quform-element-page quform-page-1 quform-page-1_1 quform-cf quform-group-style-plain quform-first-page quform-last-page quform-current-page\"><div class=\"quform-child-elements\"><div class=\"quform-element quform-element-row quform-element-row-1_5 quform-2-columns quform-element-row-size-fixed quform-responsive-columns-phone-landscape\"><div class=\"quform-element quform-element-column quform-element-1_6\"><div class=\"quform-element quform-element-text quform-element-1_9 quform-cf quform-element-required\"><div class=\"quform-spacer\"><div class=\"quform-label quform-label-1_9\"><label class=\"quform-label-text\" for=\"quform_1_9_c6ec10\">Pr\u00e9nom<span class=\"quform-required\">*<\/span><\/label><\/div><div class=\"quform-inner quform-inner-text quform-inner-1_9\"><div class=\"quform-input quform-input-text quform-input-1_9 quform-cf\"><input type=\"text\" id=\"quform_1_9_c6ec10\" name=\"quform_1_9\" class=\"quform-field quform-field-text quform-field-1_9\" \/><\/div><\/div><\/div><\/div><\/div><div class=\"quform-element quform-element-column quform-element-1_7\"><div class=\"quform-element quform-element-text quform-element-1_8 quform-cf quform-element-required\"><div class=\"quform-spacer\"><div class=\"quform-label quform-label-1_8\"><label class=\"quform-label-text\" for=\"quform_1_8_c6ec10\">Nom<span class=\"quform-required\">*<\/span><\/label><\/div><div class=\"quform-inner quform-inner-text quform-inner-1_8\"><div class=\"quform-input quform-input-text quform-input-1_8 quform-cf\"><input type=\"text\" id=\"quform_1_8_c6ec10\" name=\"quform_1_8\" class=\"quform-field quform-field-text quform-field-1_8\" \/><\/div><\/div><\/div><\/div><\/div><\/div><div class=\"quform-element quform-element-email quform-element-1_4 quform-cf quform-element-required\"><div class=\"quform-spacer\"><div class=\"quform-label quform-label-1_4\"><label class=\"quform-label-text\" for=\"quform_1_4_c6ec10\">Adresse \u00e9lectronique<span class=\"quform-required\">*<\/span><\/label><\/div><div class=\"quform-inner quform-inner-email quform-inner-1_4\"><div class=\"quform-input quform-input-email quform-input-1_4 quform-cf\"><input type=\"email\" id=\"quform_1_4_c6ec10\" name=\"quform_1_4\" class=\"quform-field quform-field-email quform-field-1_4\" \/><\/div><\/div><\/div><\/div><div class=\"quform-element quform-element-textarea quform-element-1_10 quform-cf quform-element-required\"><div class=\"quform-spacer\"><div class=\"quform-label quform-label-1_10\"><label class=\"quform-label-text\" for=\"quform_1_10_c6ec10\">Message<span class=\"quform-required\">*<\/span><\/label><\/div><div class=\"quform-inner quform-inner-textarea quform-inner-1_10\"><div class=\"quform-input quform-input-textarea quform-input-1_10 quform-cf\"><textarea id=\"quform_1_10_c6ec10\" name=\"quform_1_10\" class=\"quform-field quform-field-textarea quform-field-1_10\"><\/textarea><\/div><\/div><\/div><\/div><div class=\"quform-element quform-element-captcha quform-element-1_11 quform-cf quform-element-required\"><div class=\"quform-spacer\"><div class=\"quform-label quform-label-1_11\"><label class=\"quform-label-text\" for=\"quform_1_11_c6ec10\">Veuillez saisir les caract\u00e8res<span class=\"quform-required\">*<\/span><\/label><\/div><div class=\"quform-inner quform-inner-captcha quform-inner-1_11\"><div class=\"quform-input quform-input-captcha quform-input-1_11 quform-cf\"><input type=\"text\" id=\"quform_1_11_c6ec10\" name=\"quform_1_11\" class=\"quform-field quform-field-captcha quform-field-1_11\" \/><\/div><div class=\"quform-captcha quform-cf\"><div class=\"quform-captcha-image quform-captcha-image-1_11\"><img loading=\"lazy\" decoding=\"async\" class=\"quform-captcha-image-img\" src=\"data:image\/png;base64,iVBORw0KGgoAAAANSUhEUgAAAOYAAABQBAMAAAD\/1xTgAAAAG1BMVEX\/\/\/8iIiLHx8eQkJB0dHRZWVk9PT2srKzj4+PdlI6hAAAACXBIWXMAAA7EAAAOxAGVKw4bAAADtUlEQVRoge1YS0\/bQBA2a8fxkYHE7dEpqHAsogWOsWhLj5gqwBG3DeVYh1ePdkD87s4+7J21g4MIWKrk7xDiTXa\/eXwzs8SyWrRo0aJFixYt\/nNM3zXNyL4C+HvNUkbA8adJzi1BCW8apLSRr3+M0W2QMwE4Eq9pY5ReLKIaNslpS\/WE0GuM0nKhz\/\/cw\/AVSaaXX2JfF0bCQ+ttTNKXOp99HH0PyLOHfKIwhsXSFixb93GlKaz\/fSalzQl8QvoACmmxFMHZvVjyaVNgAD+psU8Gkz6t6JUBPo73I1r\/MZzKr8Eqtbb0\/GQgw8FtRIs9g6OUV8ehXgLg\/WAUm92PPZPTAzi1rC5AUCwt8XMdoxS5h73A8rADnpHNdzGND4ez\/4QUO7IKYvhQLLmcMzE84JnkJrBSxw1RWwbQqF+BNQeuPCQinB18j6E9I9\/CoF4oEqMrQLlgQzEH2O3mfE6PxtbBgxy6wE1SNg1kWBRYZbglPMXX+HJSw+mIoN3Qo2xUT2L6E+YmLBmTxa723zWlb\/jxOCea2v+MbhzSpSGGFsak\/ouBYnK64H86L+VvkFd3zXhXw\/g3WbpMnVL9Z7mfmRHbTPYJgxRD4u9exlBWNIXqCWYsXIBzKtFOLpYtQ7dJtU9wuQ1F8dWMd\/y0N9mIzFiw7QCHiE4WZuAt\/at9KocR1SiU8FAXXFRLWjlMnajrJ5L1mQBZEz7tof7o1q566lbKyLBLfDYgEfK2U7mkhYWZW92c7kC5VFaEPSS4jjrPM2RpwlZxd8lpicx\/RnaxXI0Xxl7hdUZT5yq11XF2VCE6mpMpVVA\/8xIwqtaVZEZrztRDXWxdFRhbH2crnYd0lxeqPk+Qyb3GgEiU7Y6ZeQO5nx2dFNVdmNn+vE\/n44OUbsXCycWsJRqqc1xzt4E8MJkWH9r9TVg875IXyTlg+JlPN4zxo\/uYjLsXkUBiCRxs7NSIQCKXPO26Xl44iaHwirF9HMY3VHvvZ+hlBroqZR3iUje3NKy7QfAb1yg2ikDqBU2pR0dx6h7MAjuXTuUGQSEJTKu8q+PR7hxGPmNkbHUPjvm1SZiKMV5+ZJswjpOepHMpKhjI3LHijtQV1gfqbb0aps+7n4fykjQoSkVyiitCXXkuAj4Ee5Nr0oPX5VwM7oJOTXkugtBPyj3Yu+KsE4CopjwXgb3nyHtCShaR1bert4cXxI35r5RkDZjO62tg7Xg84\/cbldf0lUhnQ+a1WU7B2uDvAAVr2jxnixYtWrRo0WJx\/AO9gpoWebXbOQAAAABJRU5ErkJggg==\" alt=\"CAPTCHA image\" data-element-id=\"11\" width=\"115\" height=\"40\" \/><\/div><\/div><p class=\"quform-description quform-description-below\">Cela nous aide \u00e0 \u00e9viter les spams, merci.<\/p><\/div><\/div><\/div><div class=\"quform-element quform-element-submit quform-element-1_2 quform-cf quform-button-style-bootstrap\"><div class=\"quform-button-submit quform-button-submit-default quform-button-submit-1_2\"><button name=\"quform_submit\" type=\"submit\" class=\"quform-submit\" value=\"submit\"><span class=\"quform-button-text quform-button-submit-text\">Send<\/span><\/button><\/div><div class=\"quform-loading quform-loading-position-left quform-loading-type-spinner-1\"><div class=\"quform-loading-inner\"><div class=\"quform-loading-spinner\"><div class=\"quform-loading-spinner-inner\"><\/div><\/div><\/div><\/div><\/div><div class=\"quform-element-tree\"><label for=\"quform_1_0_c6ec10\">This field should be left blank<\/label><input type=\"text\" id=\"quform_1_0_c6ec10\" name=\"quform_1_0\" class=\"quform-field quform-field-tree quform-field-1_0\" tabindex=\"-1\" autocomplete=\"off\" \/><\/div><\/div><\/div><\/div><\/div><\/form><\/div>    <\/div>\n<\/div>\n<!-- \/module plain text -->        <\/div>\n                        <\/div>\n        <\/div>\n            <\/div>\n<!--\/themify_builder_content--><\/div>\n<\/div>\n    <\/div>\n            <div class=\"tb_oc_overlay_layer tf_abs_t\" data-id=\"tb_oc_tb_9auf560\"><\/div>\n        \n    <\/div><!-- \/module overlay-content -->\n        <\/div>\n                        <\/div>\n        <\/div>\n        <\/div>\n<!--\/themify_builder_content-->","protected":false},"excerpt":{"rendered":"<p>Des cultures,\u00a0Des savoir-faire,\u00a0Une m\u00eame passion. LE PROJET\u00a0CHEFS DE TAHITI Chefs de Tahiti est un projet qui nous tient \u00e0 coeur.\u00a0REDSOYU\u00a0a toujours \u00e9t\u00e9 passionn\u00e9 par la cuisine, ceux qui la font et les produits qu\u2019ils utilisent.Pour nous, la cuisine est la meilleure mani\u00e8re de connaitre une culture et son peuple. La Polyn\u00e9sie fran\u00e7aise est au carrefour [&hellip;]<\/p>\n","protected":false},"author":1,"featured_media":0,"parent":0,"menu_order":0,"comment_status":"closed","ping_status":"closed","template":"","meta":{"inline_featured_image":false,"footnotes":""},"class_list":["post-3489","page","type-page","status-publish","hentry","has-post-title","has-post-date","has-post-category","has-post-tag","has-post-comment","has-post-author",""],"aioseo_notices":[],"builder_content":"<h3>Different cultures, different skills, the same passion.<\/h3>\n<img src=\"https:\/\/chefsdetahiti.pf\/wp-content\/uploads\/2022\/09\/AP_9576-1024x553-925x500.jpg\" height=\"500\" title=\"Chefs de Tahiti est un projet qui nous tient \u00e0 coeur. REDSOYU a toujours \u00e9t\u00e9 passionn\u00e9 par la cuisine, ceux qui la font et les produits qu\u2019ils utilisent. Pour nous, la cuisine est la meilleure mani\u00e8re de connaitre une culture et son peuple.\" alt=\"Chefs de Tahiti est un projet qui nous tient \u00e0 coeur. REDSOYU a toujours \u00e9t\u00e9 passionn\u00e9 par la cuisine, ceux qui la font et les produits qu\u2019ils utilisent. Pour nous, la cuisine est la meilleure mani\u00e8re de connaitre une culture et son peuple.\" srcset=\"https:\/\/chefsdetahiti.pf\/wp-content\/uploads\/2022\/09\/AP_9576-1024x553-925x500.jpg 925w, https:\/\/chefsdetahiti.pf\/wp-content\/uploads\/2022\/09\/AP_9576-300x162.jpg 300w, https:\/\/chefsdetahiti.pf\/wp-content\/uploads\/2022\/09\/AP_9576-1024x553.jpg 1024w, https:\/\/chefsdetahiti.pf\/wp-content\/uploads\/2022\/09\/AP_9576-768x415.jpg 768w, https:\/\/chefsdetahiti.pf\/wp-content\/uploads\/2022\/09\/AP_9576-1536x830.jpg 1536w, https:\/\/chefsdetahiti.pf\/wp-content\/uploads\/2022\/09\/AP_9576-2048x1107.jpg 2048w, https:\/\/chefsdetahiti.pf\/wp-content\/uploads\/2022\/09\/AP_9576-240x130.jpg 240w, https:\/\/chefsdetahiti.pf\/wp-content\/uploads\/2022\/09\/AP_9576-600x324.jpg 600w\" sizes=\"(max-width: 925px) 100vw, 925px\" \/>\n<h2>THE CHEFS DE TAHITI PROJECT<\/h2> <p>Chefs de Tahiti is a project close to our hearts. <a href=\"https:\/\/www.redsoyu.com\/\"><strong>REDSOYU<\/strong><\/a> has always been passionate about cooking, the people who make it and the products they use.<br>For us, cooking is the best way to get to know a culture and its people.<\/p> <p>French Polynesia is at the crossroads of several cultures and countries linked to its history and geographical position: France, China, Japan, New Zealand, the United States...<br>Here in French Polynesia, we are fortunate to have exceptional know-how, both in terms of French gastronomy and in terms of the quality of our products.<br>handed down from generation to generation.<\/p> <p>Chefs de Tahiti is a website we created to help promote Polynesia beyond its borders, and to help people discover and share their know-how.<\/p> <p>Chefs de Tahiti is a website in French, with a US version coming soon.<\/p> <p>Content created by the communications agency <a style=\"background-color: initial; font-size: 1em;\" href=\"https:\/\/www.redsoyu.com\"><strong>REDSOYU<\/strong><\/a>.<\/p> <p>The constantly evolving content focuses on Chefs: restaurants, trailers, recipes...<\/p> <p>Interested in being featured on this website? Our advertising inserts are also available.<\/p>","_links":{"self":[{"href":"https:\/\/chefsdetahiti.pf\/en\/wp-json\/wp\/v2\/pages\/3489","targetHints":{"allow":["GET"]}}],"collection":[{"href":"https:\/\/chefsdetahiti.pf\/en\/wp-json\/wp\/v2\/pages"}],"about":[{"href":"https:\/\/chefsdetahiti.pf\/en\/wp-json\/wp\/v2\/types\/page"}],"author":[{"embeddable":true,"href":"https:\/\/chefsdetahiti.pf\/en\/wp-json\/wp\/v2\/users\/1"}],"replies":[{"embeddable":true,"href":"https:\/\/chefsdetahiti.pf\/en\/wp-json\/wp\/v2\/comments?post=3489"}],"version-history":[{"count":1,"href":"https:\/\/chefsdetahiti.pf\/en\/wp-json\/wp\/v2\/pages\/3489\/revisions"}],"predecessor-version":[{"id":3490,"href":"https:\/\/chefsdetahiti.pf\/en\/wp-json\/wp\/v2\/pages\/3489\/revisions\/3490"}],"wp:attachment":[{"href":"https:\/\/chefsdetahiti.pf\/en\/wp-json\/wp\/v2\/media?parent=3489"}],"curies":[{"name":"wp","href":"https:\/\/api.w.org\/{rel}","templated":true}]}}