{"id":3497,"date":"2022-07-12T20:56:47","date_gmt":"2022-07-13T06:56:47","guid":{"rendered":"https:\/\/chefsdetahiti.pf\/events\/"},"modified":"2023-07-05T10:49:00","modified_gmt":"2023-07-05T20:49:00","slug":"events","status":"publish","type":"page","link":"https:\/\/chefsdetahiti.pf\/en\/events\/","title":{"rendered":"Events"},"content":{"rendered":"<!--themify_builder_content-->\n<div id=\"themify_builder_content-3497\" data-postid=\"3497\" class=\"themify_builder_content themify_builder_content-3497 themify_builder tf_clear\">\n                    <div  data-lazy=\"1\" class=\"module_row themify_builder_row tb_je2r761 tb_first tf_w\">\n                        <div class=\"row_inner col_align_top tb_col_count_1 tf_box tf_rel\">\n                        <div  data-lazy=\"1\" class=\"module_column tb-column col-full tb_h984762 first\">\n                    <!-- advanced-posts module -->\n<div  class=\"module module-advanced-posts tb_l7rb762   themify_builder_content-l7rb762\" data-lazy=\"1\">\n\t\n\t\t\n\t\t<div  class=\"builder-posts-wrap loops-wrapper evenement list-post classic tf_clear tf_clearfix\" data-lazy=\"1\">\n\n\t\t\t\n\t\t\t\n\t\t\t\t\n\t\t\t\t\n\t\t\t\t<article id=\"post-7409\" class=\"post tf_clearfix post-7409 evenement type-evenement status-publish has-post-thumbnail hentry has-post-title has-post-date has-post-category has-post-tag has-post-comment has-post-author \">\n\t\t\t\t\t    <div class=\"tbp_advanced_archive_wrap\">\n\t    <\/div>\n\t\t\t\t<\/article>\n\n\t\t\t\t\n\t\t\t\t\n\t\t\t\n\t\t\t\t\n\t\t\t\t\n\t\t\t\t<article id=\"post-6456\" class=\"post tf_clearfix post-6456 evenement type-evenement status-publish has-post-thumbnail hentry has-post-title has-post-date has-post-category has-post-tag has-post-comment has-post-author \">\n\t\t\t\t\t    <div class=\"tbp_advanced_archive_wrap\">\n\t                <div  data-lazy=\"1\" class=\"module_row themify_builder_row tb_cu0z761 tf_w\">\n                        <div class=\"row_inner col_align_top tb_col_count_2 tf_box tf_rel\">\n                        <div  data-lazy=\"1\" class=\"module_column tb-column col3-1 tb_zbpu761 first\">\n                    <!-- Featured Image module -->\n<div  class=\"module module-image module-featured-image tb_unnq761  \" data-lazy=\"1\">\n    <div class=\"image-wrap tf_rel\">\n\t\t\t\t\t\t\t\t\t\t\t<a  href=\"https:\/\/chefsdetahiti.pf\/en\/evenement\/fetedesmeressofitelmo\/\"> \n\t\t\t\t\t\n\t\t\t\t\t\t\t\t\t\t\t\t\t\t\t\t<img loading=\"lazy\" decoding=\"async\" src=\"https:\/\/chefsdetahiti.pf\/wp-content\/uploads\/2025\/05\/Story-Fete-des-Meres_compressed_page-0002-576x1024-1080x1080.jpg\" width=\"1080\" height=\"1080\" class=\"wp-post-image wp-image-6460\" title=\"Story Fe\u0302te des Me\u0300res_compressed_page-0002\" alt=\"F\u00caTE DES M\u00c8RES AU SOFITEL MOOREA\">\t\t\t\t\t\n\t\t\t\t\t\t\t\t\t\t<\/a>\n\t\t\t\t\t\t\t\t\t\t\t\t<\/div>\n\t\t<!-- \/image-wrap -->\n\t\t\t<\/div>\n<!-- \/Featured Image module -->\n        <\/div>\n                    <div  data-lazy=\"1\" class=\"module_column tb-column col3-2 tb_ed1e761 last\">\n                    <!-- Post Title module -->\n<div  class=\"module module-post-title tb_o0if761 \" data-lazy=\"1\">\n\t<h2 class=\"tbp_title\">\n\t<a  href=\"https:\/\/chefsdetahiti.pf\/en\/evenement\/fetedesmeressofitelmo\/\">\n\t\tF\u00caTE DES M\u00c8RES AU SOFITEL MOOREA\t\t<\/a>\n<\/h2><\/div>\n<!-- \/Post Title module -->\n        <div  data-lazy=\"1\" class=\"module_subrow themify_builder_sub_row tf_w gutter-none col_align_middle tb_col_count_2 tb_saa0437\">\n                <div  data-lazy=\"1\" class=\"module_column sub_column col2-1 tb_dt5e437 first\">\n                    <!-- module text -->\n<div  class=\"module module-text tb_agik438 encours-passe  \" data-lazy=\"1\">\n        <div  class=\"tb_text_wrap\">\n        \u00c9V\u00c9NEMENT MAI 2025    <\/div>\n<\/div>\n<!-- \/module text -->        <\/div>\n                    <div  data-lazy=\"1\" class=\"module_column sub_column col2-1 tb_2bi2438 last\">\n                            <\/div>\n                    <\/div>\n                <div  data-lazy=\"1\" class=\"module_subrow themify_builder_sub_row tf_w gutter-none col_align_middle tb_col_count_2 tb_o3vx578\">\n                <div  data-lazy=\"1\" class=\"module_column sub_column col4-1 tb_34nm578 first\">\n                    <!-- module icon -->\n<div  class=\"module module-icon tb_evng578  normal circle icon_horizontal \" data-lazy=\"1\">\n\t\t\t<div class=\"module-icon-item\">\n\t\t\t\t\t\t\t\t\t\t\t\t\t\t\t\t<em class=\"tf_box\"\n\t\t\t\t\t\t\t\t\t\t\t\t style=\"color:#949494\"\t\t\t\t\t><svg  class=\"tf_fa tf-far-calendar-alt\" aria-hidden=\"true\"><use href=\"#tf-far-calendar-alt\"><\/use><\/svg><\/em>\n\t\t\t\t\t\t\t\t\t\t\t\t\t\t\t\t\t\t\t<span>Date of event: <\/span>\n\t\t\t\t\t\t\t\t\t\t\t\t\t\t\t<\/div>\n\t<\/div>\n<!-- \/module icon -->\n        <\/div>\n                    <div  data-lazy=\"1\" class=\"module_column sub_column col4-3 tb_xg4x578 last\">\n                    <!-- module text -->\n<div  class=\"module module-text tb_427h579   \" data-lazy=\"1\">\n        <div  class=\"tb_text_wrap\">\n        May 25, 2025    <\/div>\n<\/div>\n<!-- \/module text -->        <\/div>\n                    <\/div>\n                <div  data-lazy=\"1\" class=\"module_subrow themify_builder_sub_row tf_w gutter-none col_align_middle tb_col_count_2 tb_1lsz761\">\n                <div  data-lazy=\"1\" class=\"module_column sub_column col4-1 tb_hz2h761 first\">\n                    <!-- module icon -->\n<div  class=\"module module-icon tb_w479761  normal circle icon_horizontal \" data-lazy=\"1\">\n\t\t\t<div class=\"module-icon-item\">\n\t\t\t\t\t\t\t\t\t\t\t\t\t\t\t\t<em class=\"tf_box\"\n\t\t\t\t\t\t\t\t\t\t\t\t style=\"color:#6b6b6b\"\t\t\t\t\t><svg  class=\"tf_fa tf-fas-map-pin\" aria-hidden=\"true\"><use href=\"#tf-fas-map-pin\"><\/use><\/svg><\/em>\n\t\t\t\t\t\t\t\t\t\t\t\t\t\t\t\t\t\t\t<span>Location: <\/span>\n\t\t\t\t\t\t\t\t\t\t\t\t\t\t\t<\/div>\n\t<\/div>\n<!-- \/module icon -->\n        <\/div>\n                    <div  data-lazy=\"1\" class=\"module_column sub_column col4-3 tb_3x4p761 last\">\n                    <!-- module text -->\n<div  class=\"module module-text tb_7myb761   \" data-lazy=\"1\">\n        <div  class=\"tb_text_wrap\">\n        Sofitel Kia Ora Moorea Beach Resort    <\/div>\n<\/div>\n<!-- \/module text -->        <\/div>\n                    <\/div>\n                <div  data-lazy=\"1\" class=\"module_subrow themify_builder_sub_row tf_w gutter-none col_align_middle tb_col_count_2 tb_7u9q761\">\n                <div  data-lazy=\"1\" class=\"module_column sub_column col4-1 tb_a04g761 first\">\n                    <!-- module icon -->\n<div  class=\"module module-icon tb_iwgk761  normal circle icon_horizontal \" data-lazy=\"1\">\n\t\t\t<div class=\"module-icon-item\">\n\t\t\t\t\t\t\t\t\t\t\t\t\t\t\t\t<em class=\"tf_box\"\n\t\t\t\t\t\t\t\t\t\t\t\t style=\"color:#6b6b6b\"\t\t\t\t\t><svg  class=\"tf_fa tf-far-money-bill-alt\" aria-hidden=\"true\"><use href=\"#tf-far-money-bill-alt\"><\/use><\/svg><\/em>\n\t\t\t\t\t\t\t\t\t\t\t\t\t\t\t\t\t\t\t<span>Price: <\/span>\n\t\t\t\t\t\t\t\t\t\t\t\t\t\t\t<\/div>\n\t<\/div>\n<!-- \/module icon -->\n        <\/div>\n                    <div  data-lazy=\"1\" class=\"module_column sub_column col4-3 tb_5gyg761 last\">\n                    <!-- module text -->\n<div  class=\"module module-text tb_tsq1761   \" data-lazy=\"1\">\n        <div  class=\"tb_text_wrap\">\n        10500 FCFP \/ person    <\/div>\n<\/div>\n<!-- \/module text -->        <\/div>\n                    <\/div>\n        <!-- Post Content module -->\n<div  class=\"module module-post-content tb_0b2b761 \" data-lazy=\"1\">\n\t    <div class=\"tb_text_wrap\">\n\t\tOn a d\u00e9nich\u00e9 pour vous une super adresse pour g\u00e2ter les Mamans ce dimanche 25 mai. Envie de changer d\u2019air et de passer la journ\u00e9e \u00e0 Moorea dans un cadre de r\u00eave ? Le Sofitel Kia Ora Moorea Beach Resort sort le grand jeu pour la F\u00eate des M\u00e8res\u2026 \ud83c\udf3a\u00a0 Un brunch chic les pieds [&hellip;]    <\/div>\n\t<\/div>\n<!-- \/Post Content module --><!-- module buttons -->\n<div  class=\"module module-buttons tb_oj5v761 buttons-horizontal solid  circle\" data-lazy=\"1\">\n        <div class=\"module-buttons-item tf_in_flx\">\n                        <a href=\"https:\/\/chefsdetahiti.pf\/en\/evenement\/fetedesmeressofitelmo\/\" class=\"ui builder_button tf_in_flx black\" >\n                                                Voir l'\u00e9v\u00e8nement                                        <\/a>\n                <\/div>\n            <\/div>\n<!-- \/module buttons -->\n        <\/div>\n                        <\/div>\n        <\/div>\n            <\/div>\n\t\t\t\t<\/article>\n\n\t\t\t\t\n\t\t\t\t\n\t\t\t\n\t\t\t\t\n\t\t\t\t\n\t\t\t\t<article id=\"post-6351\" class=\"post tf_clearfix post-6351 evenement type-evenement status-publish has-post-thumbnail hentry has-post-title has-post-date has-post-category has-post-tag has-post-comment has-post-author \">\n\t\t\t\t\t    <div class=\"tbp_advanced_archive_wrap\">\n\t    <\/div>\n\t\t\t\t<\/article>\n\n\t\t\t\t\n\t\t\t\t\n\t\t\t\n\t\t\t\t\n\t\t\t\t\n\t\t\t\t<article id=\"post-6277\" class=\"post tf_clearfix post-6277 evenement type-evenement status-publish has-post-thumbnail hentry has-post-title has-post-date has-post-category has-post-tag has-post-comment has-post-author \">\n\t\t\t\t\t    <div class=\"tbp_advanced_archive_wrap\">\n\t    <\/div>\n\t\t\t\t<\/article>\n\n\t\t\t\t\n\t\t\t\t\n\t\t\t\n\t\t\t\t\n\t\t\t\t\n\t\t\t\t<article id=\"post-6019\" class=\"post tf_clearfix post-6019 evenement type-evenement status-publish has-post-thumbnail hentry has-post-title has-post-date has-post-category has-post-tag has-post-comment has-post-author \">\n\t\t\t\t\t    <div class=\"tbp_advanced_archive_wrap\">\n\t    <\/div>\n\t\t\t\t<\/article>\n\n\t\t\t\t\n\t\t\t\t\n\t\t\t\n\t\t\t\t\n\t\t\t\t\n\t\t\t\t<article id=\"post-6014\" class=\"post tf_clearfix post-6014 evenement type-evenement status-publish has-post-thumbnail hentry has-post-title has-post-date has-post-category has-post-tag has-post-comment has-post-author \">\n\t\t\t\t\t    <div class=\"tbp_advanced_archive_wrap\">\n\t    <\/div>\n\t\t\t\t<\/article>\n\n\t\t\t\t\n\t\t\t\t\n\t\t\t\n\t\t\t\t\n\t\t\t\t\n\t\t\t\t<article id=\"post-6006\" class=\"post tf_clearfix post-6006 evenement type-evenement status-publish has-post-thumbnail hentry has-post-title has-post-date has-post-category has-post-tag has-post-comment has-post-author \">\n\t\t\t\t\t    <div class=\"tbp_advanced_archive_wrap\">\n\t    <\/div>\n\t\t\t\t<\/article>\n\n\t\t\t\t\n\t\t\t\t\n\t\t\t\n\t\t\t\t\n\t\t\t\t\n\t\t\t\t<article id=\"post-6010\" class=\"post tf_clearfix post-6010 evenement type-evenement status-publish has-post-thumbnail hentry has-post-title has-post-date has-post-category has-post-tag has-post-comment has-post-author \">\n\t\t\t\t\t    <div class=\"tbp_advanced_archive_wrap\">\n\t    <\/div>\n\t\t\t\t<\/article>\n\n\t\t\t\t\n\t\t\t\t\n\t\t\t\n\t\t\t\t\n\t\t\t\t\n\t\t\t\t<article id=\"post-6015\" class=\"post tf_clearfix post-6015 evenement type-evenement status-publish has-post-thumbnail hentry has-post-title has-post-date has-post-category has-post-tag has-post-comment has-post-author \">\n\t\t\t\t\t    <div class=\"tbp_advanced_archive_wrap\">\n\t    <\/div>\n\t\t\t\t<\/article>\n\n\t\t\t\t\n\t\t\t\t\n\t\t\t\n\t\t\t\t\n\t\t\t\t\n\t\t\t\t<article id=\"post-5998\" class=\"post tf_clearfix post-5998 evenement type-evenement status-publish has-post-thumbnail hentry has-post-title has-post-date has-post-category has-post-tag has-post-comment has-post-author \">\n\t\t\t\t\t    <div class=\"tbp_advanced_archive_wrap\">\n\t    <\/div>\n\t\t\t\t<\/article>\n\n\t\t\t\t\n\t\t\t\t\n\t\t\t\n\t\t\t\n\t\t<\/div><!-- .builder-posts-wrap -->\n\n\t\t<div class=\"pagenav tf_clear tf_box tf_textr tf_clearfix \"> <span class=\"number current\">1<\/span> <a href=\"https:\/\/chefsdetahiti.pf\/en\/wp-json\/wp\/v2\/pages\/3497\/page\/2\/\" class=\"number\">2<\/a><\/div>\t\n<\/div><!-- \/advanced-posts module -->\n        <\/div>\n                        <\/div>\n        <\/div>\n                        <div  data-lazy=\"1\" class=\"module_row themify_builder_row tb_nh74264 tf_w\">\n                        <div class=\"row_inner col_align_top tb_col_count_1 tf_box tf_rel\">\n                        <div  data-lazy=\"1\" class=\"module_column tb-column col-full tb_g7s2265 first\">\n                    <!-- module link_block -->\n<div  class=\"module module-link-block tb_pp44573 icon-center solid \" data-lazy=\"1\">\n        <a data-zoom-config=\"90%|90%\" href=\"https:\/\/app.e2ma.net\/app2\/audience\/signup\/1971784\/1405584\/\" class=\"tb_link_block_container ui tb_default_color squared themify_lightbox\">\n\n        \n        <div class=\"tf-lb-content\">\n                            <div class=\"tb_link_block_heading\">Newsletter<\/div>\n                                        <div class=\"tb_link_block_blurb\">Receive upcoming events in your inbox \nCLICK HERE<\/div>\n                    <\/div>\n\n    <\/a>\n<\/div>\n<!-- \/module buttons -->\n        <\/div>\n                        <\/div>\n        <\/div>\n        <\/div>\n<!--\/themify_builder_content-->","protected":false},"excerpt":{"rendered":"<p>Newsletter Receive upcoming events in your inbox CLICK HERE<\/p>\n","protected":false},"author":1,"featured_media":0,"parent":0,"menu_order":0,"comment_status":"closed","ping_status":"closed","template":"","meta":{"inline_featured_image":false,"footnotes":""},"class_list":["post-3497","page","type-page","status-publish","hentry","has-post-title","has-post-date","has-post-category","has-post-tag","has-post-comment","has-post-author",""],"aioseo_notices":[],"builder_content":"","_links":{"self":[{"href":"https:\/\/chefsdetahiti.pf\/en\/wp-json\/wp\/v2\/pages\/3497","targetHints":{"allow":["GET"]}}],"collection":[{"href":"https:\/\/chefsdetahiti.pf\/en\/wp-json\/wp\/v2\/pages"}],"about":[{"href":"https:\/\/chefsdetahiti.pf\/en\/wp-json\/wp\/v2\/types\/page"}],"author":[{"embeddable":true,"href":"https:\/\/chefsdetahiti.pf\/en\/wp-json\/wp\/v2\/users\/1"}],"replies":[{"embeddable":true,"href":"https:\/\/chefsdetahiti.pf\/en\/wp-json\/wp\/v2\/comments?post=3497"}],"version-history":[{"count":4,"href":"https:\/\/chefsdetahiti.pf\/en\/wp-json\/wp\/v2\/pages\/3497\/revisions"}],"predecessor-version":[{"id":3838,"href":"https:\/\/chefsdetahiti.pf\/en\/wp-json\/wp\/v2\/pages\/3497\/revisions\/3838"}],"wp:attachment":[{"href":"https:\/\/chefsdetahiti.pf\/en\/wp-json\/wp\/v2\/media?parent=3497"}],"curies":[{"name":"wp","href":"https:\/\/api.w.org\/{rel}","templated":true}]}}